{"id":22842,"date":"2025-02-11T08:58:07","date_gmt":"2025-02-11T13:58:07","guid":{"rendered":"https:\/\/www.competencia.com.ec\/corporativo\/?page_id=22842"},"modified":"2025-02-11T14:39:00","modified_gmt":"2025-02-11T19:39:00","slug":"politica-de-seguridad-de-la-informacion","status":"publish","type":"page","link":"https:\/\/www.competencia.com.ec\/corporativo\/politica-de-seguridad-de-la-informacion\/","title":{"rendered":"POL\u00cdTICA DE SEGURIDAD DE LA INFORMACI\u00d3N"},"content":{"rendered":"\t\t<div data-elementor-type=\"wp-page\" data-elementor-id=\"22842\" class=\"elementor elementor-22842\" data-elementor-settings=\"[]\">\n\t\t\t\t\t\t\t<div class=\"elementor-section-wrap\">\n\t\t\t\t\t\t\t<section class=\"has_ae_slider elementor-section elementor-top-section elementor-element elementor-element-a1b715d elementor-section-boxed elementor-section-height-default elementor-section-height-default wpr-particle-no wpr-jarallax-no wpr-parallax-no wpr-sticky-section-no ae-bg-gallery-type-default\" data-id=\"a1b715d\" data-element_type=\"section\">\n\t\t\t\t\t\t<div class=\"elementor-container elementor-column-gap-default\">\n\t\t\t\t\t<div class=\"has_ae_slider elementor-column elementor-col-100 elementor-top-column elementor-element elementor-element-b777bb3 ae-bg-gallery-type-default\" data-id=\"b777bb3\" data-element_type=\"column\">\n\t\t\t<div class=\"elementor-widget-wrap elementor-element-populated\">\n\t\t\t\t\t\t\t\t<div class=\"elementor-element elementor-element-da7a46b elementor-widget elementor-widget-heading\" data-id=\"da7a46b\" data-element_type=\"widget\" data-widget_type=\"heading.default\">\n\t\t\t\t<div class=\"elementor-widget-container\">\n\t\t\t<style>\/*! elementor - v3.5.6 - 28-02-2022 *\/\n.elementor-heading-title{padding:0;margin:0;line-height:1}.elementor-widget-heading .elementor-heading-title[class*=elementor-size-]>a{color:inherit;font-size:inherit;line-height:inherit}.elementor-widget-heading .elementor-heading-title.elementor-size-small{font-size:15px}.elementor-widget-heading .elementor-heading-title.elementor-size-medium{font-size:19px}.elementor-widget-heading .elementor-heading-title.elementor-size-large{font-size:29px}.elementor-widget-heading .elementor-heading-title.elementor-size-xl{font-size:39px}.elementor-widget-heading .elementor-heading-title.elementor-size-xxl{font-size:59px}<\/style><h2 class=\"elementor-heading-title elementor-size-default\">RESUMEN POL\u00cdTICA DE SEGURIDAD DE LA INFORMACI\u00d3N<\/h2>\t\t<\/div>\n\t\t\t\t<\/div>\n\t\t\t\t<div class=\"elementor-element elementor-element-a838564 elementor-widget elementor-widget-text-editor\" data-id=\"a838564\" data-element_type=\"widget\" data-widget_type=\"text-editor.default\">\n\t\t\t\t<div class=\"elementor-widget-container\">\n\t\t\t<style>\/*! elementor - v3.5.6 - 28-02-2022 *\/\n.elementor-widget-text-editor.elementor-drop-cap-view-stacked .elementor-drop-cap{background-color:#818a91;color:#fff}.elementor-widget-text-editor.elementor-drop-cap-view-framed .elementor-drop-cap{color:#818a91;border:3px solid;background-color:transparent}.elementor-widget-text-editor:not(.elementor-drop-cap-view-default) .elementor-drop-cap{margin-top:8px}.elementor-widget-text-editor:not(.elementor-drop-cap-view-default) .elementor-drop-cap-letter{width:1em;height:1em}.elementor-widget-text-editor .elementor-drop-cap{float:left;text-align:center;line-height:1;font-size:50px}.elementor-widget-text-editor .elementor-drop-cap-letter{display:inline-block}<\/style>\t\t\t\t<p>En <strong>LA COMPETENCIA s.a.<\/strong>, la seguridad de la informaci\u00f3n es primordial. Nos comprometemos a proteger la confidencialidad, integridad y disponibilidad de los datos de nuestros clientes, empleados y socios.<\/p><p><strong>Nuestros principios:<\/strong><\/p><p><strong>\u00b7 Confidencialidad:<\/strong> Solo el personal autorizado accede a la informaci\u00f3n.<\/p><p><strong>\u00b7 Integridad:<\/strong> Mantenemos la informaci\u00f3n precisa y completa, sin alteraciones no autorizadas.<\/p><p><strong>\u00b7 Disponibilidad:<\/strong> Aseguramos el acceso a la informaci\u00f3n cuando se necesita.<\/p><p><strong>Medidas clave:<\/strong><\/p><p><strong>\u00b7 Acceso controlado:<\/strong> Restringimos el acceso a la informaci\u00f3n seg\u00fan el principio de \u00abm\u00ednimo privilegio\u00bb.<\/p><p><strong>\u00b7 Contrase\u00f1as seguras:<\/strong> Exigimos contrase\u00f1as robustas y cambios peri\u00f3dicos.<\/p><p><strong>\u00b7 Dispositivos protegidos:<\/strong> Requerimos que los dispositivos cumplan con nuestros est\u00e1ndares de seguridad.<\/p><p><strong>\u00b7 Protecci\u00f3n contra malware:<\/strong> Utilizamos software actualizado para prevenir y combatir amenazas.<\/p><p><strong>\u00b7 Seguridad de red:<\/strong> Implementamos medidas de seguridad perimetral y sistemas de detecci\u00f3n de intrusiones.<\/p><p><strong>\u00b7 Copias de seguridad:<\/strong> Realizamos copias de seguridad peri\u00f3dicas y planes de recuperaci\u00f3n.<\/p><p><strong>\u00b7 Gesti\u00f3n de incidentes:<\/strong> Tenemos protocolos para detectar y responder a incidentes de seguridad.<\/p><p><strong>\u00b7 Cumplimiento normativo:<\/strong> Cumplimos con todas las leyes y regulaciones aplicables.<\/p><p><strong>Responsabilidad compartida:<\/strong><\/p><ul><li>La alta direcci\u00f3n aprueba y revisa esta pol\u00edtica.<\/li><li>El responsable de seguridad la implementa y mantiene.<\/li><li>Todos los empleados cumplen con la pol\u00edtica e informan incidentes.<\/li><\/ul><p>Revisi\u00f3n y cumplimiento:<\/p><p>Esta pol\u00edtica se actualiza peri\u00f3dicamente. El incumplimiento puede conllevar medidas disciplinarias.<\/p><p><strong>Contacto:<\/strong><\/p><p>Si tienes preguntas, cont\u00e1ctanos a <strong>compete1@competencia.com.ec<\/strong><\/p><p><strong>LA COMPETENCIA S.A. \u2013 10 DE FEBRERO DE 2025<\/strong><\/p>\t\t\t\t\t\t<\/div>\n\t\t\t\t<\/div>\n\t\t\t\t\t<\/div>\n\t\t<\/div>\n\t\t\t\t\t\t\t<\/div>\n\t\t<\/section>\n\t\t\t\t\t\t<\/div>\n\t\t\t\t\t<\/div>\n\t\t","protected":false},"excerpt":{"rendered":"<p>RESUMEN POL\u00cdTICA DE SEGURIDAD DE LA INFORMACI\u00d3N En LA COMPETENCIA s.a., la seguridad de la informaci\u00f3n es primordial. Nos comprometemos a proteger la confidencialidad, integridad y disponibilidad de los datos de nuestros clientes, empleados y socios. Nuestros principios: \u00b7 Confidencialidad: Solo el personal autorizado accede a la informaci\u00f3n. \u00b7 Integridad: Mantenemos la informaci\u00f3n precisa y [&hellip;]<\/p>\n","protected":false},"author":1,"featured_media":0,"parent":0,"menu_order":0,"comment_status":"closed","ping_status":"closed","template":"","meta":[],"yoast_head":"<!-- This site is optimized with the Yoast SEO plugin v20.4 - https:\/\/yoast.com\/wordpress\/plugins\/seo\/ -->\n<title>POL\u00cdTICA DE SEGURIDAD DE LA INFORMACI\u00d3N - La Competencia S.A<\/title>\n<meta name=\"robots\" content=\"noindex, nofollow\" \/>\n<meta property=\"og:locale\" content=\"es_ES\" \/>\n<meta property=\"og:type\" content=\"article\" \/>\n<meta property=\"og:title\" content=\"POL\u00cdTICA DE SEGURIDAD DE LA INFORMACI\u00d3N - La Competencia S.A\" \/>\n<meta property=\"og:description\" content=\"RESUMEN POL\u00cdTICA DE SEGURIDAD DE LA INFORMACI\u00d3N En LA COMPETENCIA s.a., la seguridad de la informaci\u00f3n es primordial. Nos comprometemos a proteger la confidencialidad, integridad y disponibilidad de los datos de nuestros clientes, empleados y socios. Nuestros principios: \u00b7 Confidencialidad: Solo el personal autorizado accede a la informaci\u00f3n. \u00b7 Integridad: Mantenemos la informaci\u00f3n precisa y [&hellip;]\" \/>\n<meta property=\"og:url\" content=\"https:\/\/www.competencia.com.ec\/corporativo\/politica-de-seguridad-de-la-informacion\/\" \/>\n<meta property=\"og:site_name\" content=\"La Competencia S.A\" \/>\n<meta property=\"article:publisher\" content=\"https:\/\/www.facebook.com\/lacompetenciasa\/\" \/>\n<meta property=\"article:modified_time\" content=\"2025-02-11T19:39:00+00:00\" \/>\n<meta name=\"twitter:card\" content=\"summary_large_image\" \/>\n<meta name=\"twitter:label1\" content=\"Tiempo de lectura\" \/>\n\t<meta name=\"twitter:data1\" content=\"2 minutos\" \/>\n<script type=\"application\/ld+json\" class=\"yoast-schema-graph\">{\"@context\":\"https:\/\/schema.org\",\"@graph\":[{\"@type\":\"WebPage\",\"@id\":\"https:\/\/www.competencia.com.ec\/corporativo\/politica-de-seguridad-de-la-informacion\/\",\"url\":\"https:\/\/www.competencia.com.ec\/corporativo\/politica-de-seguridad-de-la-informacion\/\",\"name\":\"POL\u00cdTICA DE SEGURIDAD DE LA INFORMACI\u00d3N - La Competencia S.A\",\"isPartOf\":{\"@id\":\"https:\/\/www.competencia.com.ec\/corporativo\/#website\"},\"datePublished\":\"2025-02-11T13:58:07+00:00\",\"dateModified\":\"2025-02-11T19:39:00+00:00\",\"breadcrumb\":{\"@id\":\"https:\/\/www.competencia.com.ec\/corporativo\/politica-de-seguridad-de-la-informacion\/#breadcrumb\"},\"inLanguage\":\"es\",\"potentialAction\":[{\"@type\":\"ReadAction\",\"target\":[\"https:\/\/www.competencia.com.ec\/corporativo\/politica-de-seguridad-de-la-informacion\/\"]}]},{\"@type\":\"BreadcrumbList\",\"@id\":\"https:\/\/www.competencia.com.ec\/corporativo\/politica-de-seguridad-de-la-informacion\/#breadcrumb\",\"itemListElement\":[{\"@type\":\"ListItem\",\"position\":1,\"name\":\"Portada\",\"item\":\"https:\/\/www.competencia.com.ec\/corporativo\/\"},{\"@type\":\"ListItem\",\"position\":2,\"name\":\"POL\u00cdTICA DE SEGURIDAD DE LA INFORMACI\u00d3N\"}]},{\"@type\":\"WebSite\",\"@id\":\"https:\/\/www.competencia.com.ec\/corporativo\/#website\",\"url\":\"https:\/\/www.competencia.com.ec\/corporativo\/\",\"name\":\"La Competencia S.A\",\"description\":\"Otro sitio realizado con WordPress\",\"publisher\":{\"@id\":\"https:\/\/www.competencia.com.ec\/corporativo\/#organization\"},\"alternateName\":\"competencia.com.ec\",\"potentialAction\":[{\"@type\":\"SearchAction\",\"target\":{\"@type\":\"EntryPoint\",\"urlTemplate\":\"https:\/\/www.competencia.com.ec\/corporativo\/?s={search_term_string}\"},\"query-input\":\"required name=search_term_string\"}],\"inLanguage\":\"es\"},{\"@type\":\"Organization\",\"@id\":\"https:\/\/www.competencia.com.ec\/corporativo\/#organization\",\"name\":\"LA COMPETENCIA S.A.\",\"alternateName\":\"competencia.com.ec\",\"url\":\"https:\/\/www.competencia.com.ec\/corporativo\/\",\"logo\":{\"@type\":\"ImageObject\",\"inLanguage\":\"es\",\"@id\":\"https:\/\/www.competencia.com.ec\/corporativo\/#\/schema\/logo\/image\/\",\"url\":\"https:\/\/www.competencia.com.ec\/corporativo\/wp-content\/uploads\/2022\/03\/cropped-Logo-horizontal-230x35-1.png\",\"contentUrl\":\"https:\/\/www.competencia.com.ec\/corporativo\/wp-content\/uploads\/2022\/03\/cropped-Logo-horizontal-230x35-1.png\",\"width\":230,\"height\":35,\"caption\":\"LA COMPETENCIA S.A.\"},\"image\":{\"@id\":\"https:\/\/www.competencia.com.ec\/corporativo\/#\/schema\/logo\/image\/\"},\"sameAs\":[\"https:\/\/www.facebook.com\/lacompetenciasa\/\"]}]}<\/script>\n<!-- \/ Yoast SEO plugin. -->","yoast_head_json":{"title":"POL\u00cdTICA DE SEGURIDAD DE LA INFORMACI\u00d3N - La Competencia S.A","robots":{"index":"noindex","follow":"nofollow"},"og_locale":"es_ES","og_type":"article","og_title":"POL\u00cdTICA DE SEGURIDAD DE LA INFORMACI\u00d3N - La Competencia S.A","og_description":"RESUMEN POL\u00cdTICA DE SEGURIDAD DE LA INFORMACI\u00d3N En LA COMPETENCIA s.a., la seguridad de la informaci\u00f3n es primordial. Nos comprometemos a proteger la confidencialidad, integridad y disponibilidad de los datos de nuestros clientes, empleados y socios. Nuestros principios: \u00b7 Confidencialidad: Solo el personal autorizado accede a la informaci\u00f3n. \u00b7 Integridad: Mantenemos la informaci\u00f3n precisa y [&hellip;]","og_url":"https:\/\/www.competencia.com.ec\/corporativo\/politica-de-seguridad-de-la-informacion\/","og_site_name":"La Competencia S.A","article_publisher":"https:\/\/www.facebook.com\/lacompetenciasa\/","article_modified_time":"2025-02-11T19:39:00+00:00","twitter_card":"summary_large_image","twitter_misc":{"Tiempo de lectura":"2 minutos"},"schema":{"@context":"https:\/\/schema.org","@graph":[{"@type":"WebPage","@id":"https:\/\/www.competencia.com.ec\/corporativo\/politica-de-seguridad-de-la-informacion\/","url":"https:\/\/www.competencia.com.ec\/corporativo\/politica-de-seguridad-de-la-informacion\/","name":"POL\u00cdTICA DE SEGURIDAD DE LA INFORMACI\u00d3N - La Competencia S.A","isPartOf":{"@id":"https:\/\/www.competencia.com.ec\/corporativo\/#website"},"datePublished":"2025-02-11T13:58:07+00:00","dateModified":"2025-02-11T19:39:00+00:00","breadcrumb":{"@id":"https:\/\/www.competencia.com.ec\/corporativo\/politica-de-seguridad-de-la-informacion\/#breadcrumb"},"inLanguage":"es","potentialAction":[{"@type":"ReadAction","target":["https:\/\/www.competencia.com.ec\/corporativo\/politica-de-seguridad-de-la-informacion\/"]}]},{"@type":"BreadcrumbList","@id":"https:\/\/www.competencia.com.ec\/corporativo\/politica-de-seguridad-de-la-informacion\/#breadcrumb","itemListElement":[{"@type":"ListItem","position":1,"name":"Portada","item":"https:\/\/www.competencia.com.ec\/corporativo\/"},{"@type":"ListItem","position":2,"name":"POL\u00cdTICA DE SEGURIDAD DE LA INFORMACI\u00d3N"}]},{"@type":"WebSite","@id":"https:\/\/www.competencia.com.ec\/corporativo\/#website","url":"https:\/\/www.competencia.com.ec\/corporativo\/","name":"La Competencia S.A","description":"Otro sitio realizado con WordPress","publisher":{"@id":"https:\/\/www.competencia.com.ec\/corporativo\/#organization"},"alternateName":"competencia.com.ec","potentialAction":[{"@type":"SearchAction","target":{"@type":"EntryPoint","urlTemplate":"https:\/\/www.competencia.com.ec\/corporativo\/?s={search_term_string}"},"query-input":"required name=search_term_string"}],"inLanguage":"es"},{"@type":"Organization","@id":"https:\/\/www.competencia.com.ec\/corporativo\/#organization","name":"LA COMPETENCIA S.A.","alternateName":"competencia.com.ec","url":"https:\/\/www.competencia.com.ec\/corporativo\/","logo":{"@type":"ImageObject","inLanguage":"es","@id":"https:\/\/www.competencia.com.ec\/corporativo\/#\/schema\/logo\/image\/","url":"https:\/\/www.competencia.com.ec\/corporativo\/wp-content\/uploads\/2022\/03\/cropped-Logo-horizontal-230x35-1.png","contentUrl":"https:\/\/www.competencia.com.ec\/corporativo\/wp-content\/uploads\/2022\/03\/cropped-Logo-horizontal-230x35-1.png","width":230,"height":35,"caption":"LA COMPETENCIA S.A."},"image":{"@id":"https:\/\/www.competencia.com.ec\/corporativo\/#\/schema\/logo\/image\/"},"sameAs":["https:\/\/www.facebook.com\/lacompetenciasa\/"]}]}},"_links":{"self":[{"href":"https:\/\/www.competencia.com.ec\/corporativo\/wp-json\/wp\/v2\/pages\/22842"}],"collection":[{"href":"https:\/\/www.competencia.com.ec\/corporativo\/wp-json\/wp\/v2\/pages"}],"about":[{"href":"https:\/\/www.competencia.com.ec\/corporativo\/wp-json\/wp\/v2\/types\/page"}],"author":[{"embeddable":true,"href":"https:\/\/www.competencia.com.ec\/corporativo\/wp-json\/wp\/v2\/users\/1"}],"replies":[{"embeddable":true,"href":"https:\/\/www.competencia.com.ec\/corporativo\/wp-json\/wp\/v2\/comments?post=22842"}],"version-history":[{"count":10,"href":"https:\/\/www.competencia.com.ec\/corporativo\/wp-json\/wp\/v2\/pages\/22842\/revisions"}],"predecessor-version":[{"id":22864,"href":"https:\/\/www.competencia.com.ec\/corporativo\/wp-json\/wp\/v2\/pages\/22842\/revisions\/22864"}],"wp:attachment":[{"href":"https:\/\/www.competencia.com.ec\/corporativo\/wp-json\/wp\/v2\/media?parent=22842"}],"curies":[{"name":"wp","href":"https:\/\/api.w.org\/{rel}","templated":true}]}}